{"id":1639,"date":"2022-10-28T11:56:38","date_gmt":"2022-10-28T11:56:38","guid":{"rendered":"http:\/\/dresdner-pappe.de\/?page_id=1639"},"modified":"2022-11-10T19:28:23","modified_gmt":"2022-11-10T19:28:23","slug":"weihnachtsbaum-mit-silberschmuck-weisse-welle","status":"publish","type":"page","link":"https:\/\/dresdner-pappe.de\/en\/weihnachtsbaum-mit-silberschmuck-weisse-welle","title":{"rendered":"Christmas Tree With Silver Ornaments - 'White Wave'"},"content":{"rendered":"\t\t<div data-elementor-type=\"wp-page\" data-elementor-id=\"1639\" class=\"elementor elementor-1639\">\n\t\t\t\t\t\t<section class=\"elementor-section elementor-top-section elementor-element elementor-element-6bccfa01 elementor-section-boxed elementor-section-height-default elementor-section-height-default wpr-particle-no wpr-jarallax-no wpr-parallax-no wpr-sticky-section-no wpr-equal-height-no\" data-id=\"6bccfa01\" data-element_type=\"section\" data-e-type=\"section\">\n\t\t\t\t\t\t<div class=\"elementor-container elementor-column-gap-default\">\n\t\t\t\t\t<div class=\"elementor-column elementor-col-100 elementor-top-column elementor-element elementor-element-7e9562f3\" data-id=\"7e9562f3\" data-element_type=\"column\" data-e-type=\"column\">\n\t\t\t<div class=\"elementor-widget-wrap elementor-element-populated\">\n\t\t\t\t\t\t<div class=\"elementor-element elementor-element-2c08de31 elementor-widget elementor-widget-spacer\" data-id=\"2c08de31\" data-element_type=\"widget\" data-e-type=\"widget\" data-widget_type=\"spacer.default\">\n\t\t\t\t<div class=\"elementor-widget-container\">\n\t\t\t\t\t\t\t<div class=\"elementor-spacer\">\n\t\t\t<div class=\"elementor-spacer-inner\"><\/div>\n\t\t<\/div>\n\t\t\t\t\t\t<\/div>\n\t\t\t\t<\/div>\n\t\t\t\t\t<\/div>\n\t\t<\/div>\n\t\t\t\t\t<\/div>\n\t\t<\/section>\n\t\t\t\t<section class=\"elementor-section elementor-top-section elementor-element elementor-element-73e87217 elementor-section-boxed elementor-section-height-default elementor-section-height-default wpr-particle-no wpr-jarallax-no wpr-parallax-no wpr-sticky-section-no wpr-equal-height-no\" data-id=\"73e87217\" data-element_type=\"section\" data-e-type=\"section\">\n\t\t\t\t\t\t<div class=\"elementor-container elementor-column-gap-default\">\n\t\t\t\t\t<div class=\"elementor-column elementor-col-50 elementor-top-column elementor-element elementor-element-234ba31d\" data-id=\"234ba31d\" data-element_type=\"column\" data-e-type=\"column\">\n\t\t\t<div class=\"elementor-widget-wrap elementor-element-populated\">\n\t\t\t\t\t\t<div class=\"elementor-element elementor-element-7bd8fdb2 elementor-widget elementor-widget-heading\" data-id=\"7bd8fdb2\" data-element_type=\"widget\" data-e-type=\"widget\" data-widget_type=\"heading.default\">\n\t\t\t\t<div class=\"elementor-widget-container\">\n\t\t\t\t\t<h2 class=\"elementor-heading-title elementor-size-default\">Weihnachtsbaum mit Silberschmuck \u2013 \u201awei\u00dfe Welle\u2018<\/h2>\t\t\t\t<\/div>\n\t\t\t\t<\/div>\n\t\t\t\t\t<\/div>\n\t\t<\/div>\n\t\t\t\t<div class=\"elementor-column elementor-col-50 elementor-top-column elementor-element elementor-element-5c62b0ae\" data-id=\"5c62b0ae\" data-element_type=\"column\" data-e-type=\"column\">\n\t\t\t<div class=\"elementor-widget-wrap elementor-element-populated\">\n\t\t\t\t\t\t<div class=\"elementor-element elementor-element-3812c8d9 elementor-widget elementor-widget-spacer\" data-id=\"3812c8d9\" data-element_type=\"widget\" data-e-type=\"widget\" data-widget_type=\"spacer.default\">\n\t\t\t\t<div class=\"elementor-widget-container\">\n\t\t\t\t\t\t\t<div class=\"elementor-spacer\">\n\t\t\t<div class=\"elementor-spacer-inner\"><\/div>\n\t\t<\/div>\n\t\t\t\t\t\t<\/div>\n\t\t\t\t<\/div>\n\t\t\t\t\t<\/div>\n\t\t<\/div>\n\t\t\t\t\t<\/div>\n\t\t<\/section>\n\t\t\t\t<section class=\"elementor-section elementor-top-section elementor-element elementor-element-3ba6dedb elementor-section-boxed elementor-section-height-default elementor-section-height-default wpr-particle-no wpr-jarallax-no wpr-parallax-no wpr-sticky-section-no wpr-equal-height-no\" data-id=\"3ba6dedb\" data-element_type=\"section\" data-e-type=\"section\">\n\t\t\t\t\t\t<div class=\"elementor-container elementor-column-gap-default\">\n\t\t\t\t\t<div class=\"elementor-column elementor-col-100 elementor-top-column elementor-element elementor-element-2b5b2155\" data-id=\"2b5b2155\" data-element_type=\"column\" data-e-type=\"column\">\n\t\t\t<div class=\"elementor-widget-wrap elementor-element-populated\">\n\t\t\t\t\t\t<div class=\"elementor-element elementor-element-155fc828 elementor-widget elementor-widget-spacer\" data-id=\"155fc828\" data-element_type=\"widget\" data-e-type=\"widget\" data-widget_type=\"spacer.default\">\n\t\t\t\t<div class=\"elementor-widget-container\">\n\t\t\t\t\t\t\t<div class=\"elementor-spacer\">\n\t\t\t<div class=\"elementor-spacer-inner\"><\/div>\n\t\t<\/div>\n\t\t\t\t\t\t<\/div>\n\t\t\t\t<\/div>\n\t\t\t\t\t<\/div>\n\t\t<\/div>\n\t\t\t\t\t<\/div>\n\t\t<\/section>\n\t\t\t\t<section class=\"elementor-section elementor-top-section elementor-element elementor-element-62adfa30 elementor-section-boxed elementor-section-height-default elementor-section-height-default wpr-particle-no wpr-jarallax-no wpr-parallax-no wpr-sticky-section-no wpr-equal-height-no\" data-id=\"62adfa30\" data-element_type=\"section\" data-e-type=\"section\">\n\t\t\t\t\t\t<div class=\"elementor-container elementor-column-gap-default\">\n\t\t\t\t\t<div class=\"elementor-column elementor-col-100 elementor-top-column elementor-element elementor-element-142e5226\" data-id=\"142e5226\" data-element_type=\"column\" data-e-type=\"column\">\n\t\t\t<div class=\"elementor-widget-wrap elementor-element-populated\">\n\t\t\t\t\t\t<div class=\"elementor-element elementor-element-2b64ff31 elementor-drop-cap-yes elementor-drop-cap-view-default elementor-widget elementor-widget-text-editor\" data-id=\"2b64ff31\" data-element_type=\"widget\" data-e-type=\"widget\" data-settings=\"{&quot;drop_cap&quot;:&quot;yes&quot;}\" data-widget_type=\"text-editor.default\">\n\t\t\t\t<div class=\"elementor-widget-container\">\n\t\t\t\t\t\t\t\t\t<p>Einen ausschlie\u00dflich mit silbernem Glasschmuck dekorierten Weihnachtsbaum kam unter dem Begriff \u201awei\u00dfe Welle\u2018 im Zeitalter des Jugendstils in Mode. Es sollte eine Reaktion auf die \u00fcberladenen, mit bunten Kugeln geschm\u00fcckten Weihnachtsb\u00e4ume der Gr\u00fcnderzeit sein.<\/p><p>Die Glasbl\u00e4ser in Lauscha produzierten und boten daf\u00fcr erstmals nur verspiegelten, unbemalten Glasschmuck an. Es wurden die sogenannten Reflex-Kugeln (Christbaumkugeln, die auf einer Seite mit einem Stempel nach innen gedr\u00fcckt waren) sehr beliebt. Am Baum hingen nun silberne Kugeln, Formen, Figuren, Bl\u00fcten, Eiszapfen, Schnee-Imitationen sowie wei\u00dfe Kerzen und silberne V\u00f6gel. Engel bekamen Fl\u00fcgel aus glatter wei\u00dfer Glasseide.<\/p><p>Eine fr\u00fche Quelle f\u00fcr diese Christbaumschmuck-Mode findet man 1893 in der Zeitschrift <em>F\u00fcrs Haus. Praktisches Wochenblatt f\u00fcr alle Hausfrauen<\/em>. Dort hei\u00dft es:<\/p>\t\t\t\t\t\t\t\t<\/div>\n\t\t\t\t<\/div>\n\t\t\t\t\t<\/div>\n\t\t<\/div>\n\t\t\t\t\t<\/div>\n\t\t<\/section>\n\t\t\t\t<section class=\"elementor-section elementor-top-section elementor-element elementor-element-3b5093f elementor-section-boxed elementor-section-height-default elementor-section-height-default wpr-particle-no wpr-jarallax-no wpr-parallax-no wpr-sticky-section-no wpr-equal-height-no\" data-id=\"3b5093f\" data-element_type=\"section\" data-e-type=\"section\">\n\t\t\t\t\t\t<div class=\"elementor-container elementor-column-gap-default\">\n\t\t\t\t\t<div class=\"elementor-column elementor-col-33 elementor-top-column elementor-element elementor-element-9c5d800\" data-id=\"9c5d800\" data-element_type=\"column\" data-e-type=\"column\">\n\t\t\t<div class=\"elementor-widget-wrap\">\n\t\t\t\t\t\t\t<\/div>\n\t\t<\/div>\n\t\t\t\t<div class=\"elementor-column elementor-col-33 elementor-top-column elementor-element elementor-element-309ae088\" data-id=\"309ae088\" data-element_type=\"column\" data-e-type=\"column\">\n\t\t\t<div class=\"elementor-widget-wrap elementor-element-populated\">\n\t\t\t\t\t\t<div class=\"elementor-element elementor-element-306a47f6 elementor-widget elementor-widget-text-editor\" data-id=\"306a47f6\" data-element_type=\"widget\" data-e-type=\"widget\" data-widget_type=\"text-editor.default\">\n\t\t\t\t<div class=\"elementor-widget-container\">\n\t\t\t\t\t\t\t\t\t<p>\u201eEinen eigenartigen ganz mit Silber geschm\u00fcckten Christbaum sah ich letztes Jahr. Von einem Aste zum anderen waren reiche Ketten aus Silberpapier geschlungen. An der Spitze jedes Astes war eine wei\u00dfe Rose befestigt und nach dem Stamme zu hingen viele Silberkugeln. An Silber-Lametta war auch nicht gespart, und so bot der Baum in seinem reichen Silberkleide einen entz\u00fcckenden Anblick. Nat\u00fcrlich pa\u00dft er, so geputzt, nur f\u00fcr Erwachsene. Bei Kindern hei\u00dft es: Je bunter desto sch\u00f6ner!\u201c[i]<\/p>\t\t\t\t\t\t\t\t<\/div>\n\t\t\t\t<\/div>\n\t\t\t\t\t<\/div>\n\t\t<\/div>\n\t\t\t\t<div class=\"elementor-column elementor-col-33 elementor-top-column elementor-element elementor-element-5fdb0cc6\" data-id=\"5fdb0cc6\" data-element_type=\"column\" data-e-type=\"column\">\n\t\t\t<div class=\"elementor-widget-wrap\">\n\t\t\t\t\t\t\t<\/div>\n\t\t<\/div>\n\t\t\t\t\t<\/div>\n\t\t<\/section>\n\t\t\t\t<section class=\"elementor-section elementor-top-section elementor-element elementor-element-e9a3dd9 elementor-section-boxed elementor-section-height-default elementor-section-height-default wpr-particle-no wpr-jarallax-no wpr-parallax-no wpr-sticky-section-no wpr-equal-height-no\" data-id=\"e9a3dd9\" data-element_type=\"section\" data-e-type=\"section\">\n\t\t\t\t\t\t<div class=\"elementor-container elementor-column-gap-default\">\n\t\t\t\t\t<div class=\"elementor-column elementor-col-100 elementor-top-column elementor-element elementor-element-58ab9ab\" data-id=\"58ab9ab\" data-element_type=\"column\" data-e-type=\"column\">\n\t\t\t<div class=\"elementor-widget-wrap elementor-element-populated\">\n\t\t\t\t\t\t<div class=\"elementor-element elementor-element-447565b elementor-widget-divider--view-line elementor-widget elementor-widget-divider\" data-id=\"447565b\" data-element_type=\"widget\" data-e-type=\"widget\" data-widget_type=\"divider.default\">\n\t\t\t\t<div class=\"elementor-widget-container\">\n\t\t\t\t\t\t\t<div class=\"elementor-divider\">\n\t\t\t<span class=\"elementor-divider-separator\">\n\t\t\t\t\t\t<\/span>\n\t\t<\/div>\n\t\t\t\t\t\t<\/div>\n\t\t\t\t<\/div>\n\t\t\t\t\t<\/div>\n\t\t<\/div>\n\t\t\t\t\t<\/div>\n\t\t<\/section>\n\t\t\t\t<section class=\"elementor-section elementor-top-section elementor-element elementor-element-cff3af6 elementor-section-boxed elementor-section-height-default elementor-section-height-default wpr-particle-no wpr-jarallax-no wpr-parallax-no wpr-sticky-section-no wpr-equal-height-no\" data-id=\"cff3af6\" data-element_type=\"section\" data-e-type=\"section\">\n\t\t\t\t\t\t<div class=\"elementor-container elementor-column-gap-default\">\n\t\t\t\t\t<div class=\"elementor-column elementor-col-100 elementor-top-column elementor-element elementor-element-97846a5\" data-id=\"97846a5\" data-element_type=\"column\" data-e-type=\"column\">\n\t\t\t<div class=\"elementor-widget-wrap elementor-element-populated\">\n\t\t\t\t\t\t<div class=\"elementor-element elementor-element-20f05c6 elementor-widget elementor-widget-text-editor\" data-id=\"20f05c6\" data-element_type=\"widget\" data-e-type=\"widget\" data-widget_type=\"text-editor.default\">\n\t\t\t\t<div class=\"elementor-widget-container\">\n\t\t\t\t\t\t\t\t\t<p>[i] Heimchen zu Hof: Silberner Christbaum, in: F\u00fcrs Haus. Praktisches Wochenblatt f\u00fcr alle Hausfrauen, 12. Jg. (1893\/94), Nr. 11 (10 Dezember 1893), S. 92.<\/p>\t\t\t\t\t\t\t\t<\/div>\n\t\t\t\t<\/div>\n\t\t\t\t\t<\/div>\n\t\t<\/div>\n\t\t\t\t\t<\/div>\n\t\t<\/section>\n\t\t\t\t<\/div>\n\t\t","protected":false},"excerpt":{"rendered":"<p>Weihnachtsbaum mit Silberschmuck \u2013 \u201awei\u00dfe Welle\u2018 Einen ausschlie\u00dflich mit silbernem Glasschmuck dekorierten Weihnachtsbaum kam unter dem Begriff \u201awei\u00dfe Welle\u2018 im Zeitalter des Jugendstils in Mode. Es sollte eine Reaktion auf die \u00fcberladenen, mit bunten Kugeln geschm\u00fcckten Weihnachtsb\u00e4ume der Gr\u00fcnderzeit sein. Die Glasbl\u00e4ser in Lauscha produzierten und boten daf\u00fcr erstmals nur verspiegelten, unbemalten Glasschmuck an. Es wurden die sogenannten Reflex-Kugeln (Christbaumkugeln, die auf einer Seite mit einem Stempel nach innen gedr\u00fcckt waren) sehr beliebt. Am Baum hingen nun silberne Kugeln, Formen, Figuren, Bl\u00fcten, Eiszapfen, Schnee-Imitationen sowie wei\u00dfe Kerzen und silberne V\u00f6gel. Engel bekamen Fl\u00fcgel aus glatter wei\u00dfer Glasseide. Eine fr\u00fche Quelle f\u00fcr diese Christbaumschmuck-Mode findet man 1893 in der Zeitschrift F\u00fcrs Haus. Praktisches Wochenblatt f\u00fcr alle Hausfrauen. Dort hei\u00dft es: \u201eEinen eigenartigen ganz mit Silber geschm\u00fcckten Christbaum sah ich letztes Jahr. Von einem Aste zum anderen waren reiche Ketten aus Silberpapier geschlungen. An der Spitze jedes Astes war eine wei\u00dfe Rose befestigt und nach dem Stamme zu hingen viele Silberkugeln. An Silber-Lametta war auch nicht gespart, und so bot der Baum in seinem reichen Silberkleide einen entz\u00fcckenden Anblick. Nat\u00fcrlich pa\u00dft er, so geputzt, nur f\u00fcr Erwachsene. Bei Kindern hei\u00dft es: Je bunter desto sch\u00f6ner!\u201c[i] [i] Heimchen zu Hof: Silberner Christbaum, in: F\u00fcrs Haus. Praktisches Wochenblatt f\u00fcr alle Hausfrauen, 12. Jg. (1893\/94), Nr. 11 (10 Dezember 1893), S. 92.<\/p>\n","protected":false},"author":1,"featured_media":0,"parent":0,"menu_order":0,"comment_status":"closed","ping_status":"closed","template":"","meta":{"ocean_post_layout":"","ocean_both_sidebars_style":"","ocean_both_sidebars_content_width":0,"ocean_both_sidebars_sidebars_width":0,"ocean_sidebar":"0","ocean_second_sidebar":"0","ocean_disable_margins":"enable","ocean_add_body_class":"","ocean_shortcode_before_top_bar":"","ocean_shortcode_after_top_bar":"","ocean_shortcode_before_header":"","ocean_shortcode_after_header":"","ocean_has_shortcode":"","ocean_shortcode_after_title":"","ocean_shortcode_before_footer_widgets":"","ocean_shortcode_after_footer_widgets":"","ocean_shortcode_before_footer_bottom":"","ocean_shortcode_after_footer_bottom":"","ocean_display_top_bar":"default","ocean_display_header":"default","ocean_header_style":"","ocean_center_header_left_menu":"0","ocean_custom_header_template":"0","ocean_custom_logo":0,"ocean_custom_retina_logo":0,"ocean_custom_logo_max_width":0,"ocean_custom_logo_tablet_max_width":0,"ocean_custom_logo_mobile_max_width":0,"ocean_custom_logo_max_height":0,"ocean_custom_logo_tablet_max_height":0,"ocean_custom_logo_mobile_max_height":0,"ocean_header_custom_menu":"0","ocean_menu_typo_font_family":"0","ocean_menu_typo_font_subset":"","ocean_menu_typo_font_size":0,"ocean_menu_typo_font_size_tablet":0,"ocean_menu_typo_font_size_mobile":0,"ocean_menu_typo_font_size_unit":"px","ocean_menu_typo_font_weight":"","ocean_menu_typo_font_weight_tablet":"","ocean_menu_typo_font_weight_mobile":"","ocean_menu_typo_transform":"","ocean_menu_typo_transform_tablet":"","ocean_menu_typo_transform_mobile":"","ocean_menu_typo_line_height":0,"ocean_menu_typo_line_height_tablet":0,"ocean_menu_typo_line_height_mobile":0,"ocean_menu_typo_line_height_unit":"","ocean_menu_typo_spacing":0,"ocean_menu_typo_spacing_tablet":0,"ocean_menu_typo_spacing_mobile":0,"ocean_menu_typo_spacing_unit":"","ocean_menu_link_color":"","ocean_menu_link_color_hover":"","ocean_menu_link_color_active":"","ocean_menu_link_background":"","ocean_menu_link_hover_background":"","ocean_menu_link_active_background":"","ocean_menu_social_links_bg":"","ocean_menu_social_hover_links_bg":"","ocean_menu_social_links_color":"","ocean_menu_social_hover_links_color":"","ocean_disable_title":"default","ocean_disable_heading":"default","ocean_post_title":"","ocean_post_subheading":"","ocean_post_title_style":"","ocean_post_title_background_color":"","ocean_post_title_background":0,"ocean_post_title_bg_image_position":"","ocean_post_title_bg_image_attachment":"","ocean_post_title_bg_image_repeat":"","ocean_post_title_bg_image_size":"","ocean_post_title_height":0,"ocean_post_title_bg_overlay":0.5,"ocean_post_title_bg_overlay_color":"","ocean_disable_breadcrumbs":"default","ocean_breadcrumbs_color":"","ocean_breadcrumbs_separator_color":"","ocean_breadcrumbs_links_color":"","ocean_breadcrumbs_links_hover_color":"","ocean_display_footer_widgets":"default","ocean_display_footer_bottom":"default","ocean_custom_footer_template":"0","footnotes":""},"class_list":["post-1639","page","type-page","status-publish","hentry","entry"],"featured_image_src":null,"yoast_head":"<!-- This site is optimized with the Yoast SEO plugin v27.3 - https:\/\/yoast.com\/product\/yoast-seo-wordpress\/ -->\n<title>Weihnachtsbaum mit Silberschmuck \u2013 \u201awei\u00dfe Welle\u2018 -<\/title>\n<meta name=\"robots\" content=\"index, follow, max-snippet:-1, max-image-preview:large, max-video-preview:-1\" \/>\n<link rel=\"canonical\" href=\"https:\/\/dresdner-pappe.de\/en\/weihnachtsbaum-mit-silberschmuck-weisse-welle\/\" \/>\n<meta property=\"og:locale\" content=\"en_US\" \/>\n<meta property=\"og:type\" content=\"article\" \/>\n<meta property=\"og:title\" content=\"Weihnachtsbaum mit Silberschmuck \u2013 \u201awei\u00dfe Welle\u2018 -\" \/>\n<meta property=\"og:description\" content=\"Weihnachtsbaum mit Silberschmuck \u2013 \u201awei\u00dfe Welle\u2018 Einen ausschlie\u00dflich mit silbernem Glasschmuck dekorierten Weihnachtsbaum kam unter dem Begriff \u201awei\u00dfe Welle\u2018 im Zeitalter des Jugendstils in Mode. Es sollte eine Reaktion auf die \u00fcberladenen, mit bunten Kugeln geschm\u00fcckten Weihnachtsb\u00e4ume der Gr\u00fcnderzeit sein. Die Glasbl\u00e4ser in Lauscha produzierten und boten daf\u00fcr erstmals nur verspiegelten, unbemalten Glasschmuck an. Es wurden die sogenannten Reflex-Kugeln (Christbaumkugeln, die auf einer Seite mit einem Stempel nach innen gedr\u00fcckt waren) sehr beliebt. Am Baum hingen nun silberne Kugeln, Formen, Figuren, Bl\u00fcten, Eiszapfen, Schnee-Imitationen sowie wei\u00dfe Kerzen und silberne V\u00f6gel. Engel bekamen Fl\u00fcgel aus glatter wei\u00dfer Glasseide. Eine fr\u00fche Quelle f\u00fcr diese Christbaumschmuck-Mode findet man 1893 in der Zeitschrift F\u00fcrs Haus. Praktisches Wochenblatt f\u00fcr alle Hausfrauen. Dort hei\u00dft es: \u201eEinen eigenartigen ganz mit Silber geschm\u00fcckten Christbaum sah ich letztes Jahr. Von einem Aste zum anderen waren reiche Ketten aus Silberpapier geschlungen. An der Spitze jedes Astes war eine wei\u00dfe Rose befestigt und nach dem Stamme zu hingen viele Silberkugeln. An Silber-Lametta war auch nicht gespart, und so bot der Baum in seinem reichen Silberkleide einen entz\u00fcckenden Anblick. Nat\u00fcrlich pa\u00dft er, so geputzt, nur f\u00fcr Erwachsene. Bei Kindern hei\u00dft es: Je bunter desto sch\u00f6ner!\u201c[i] [i] Heimchen zu Hof: Silberner Christbaum, in: F\u00fcrs Haus. Praktisches Wochenblatt f\u00fcr alle Hausfrauen, 12. Jg. (1893\/94), Nr. 11 (10 Dezember 1893), S. 92.\" \/>\n<meta property=\"og:url\" content=\"https:\/\/dresdner-pappe.de\/en\/weihnachtsbaum-mit-silberschmuck-weisse-welle\/\" \/>\n<meta property=\"article:modified_time\" content=\"2022-11-10T19:28:23+00:00\" \/>\n<meta name=\"twitter:card\" content=\"summary_large_image\" \/>\n<meta name=\"twitter:label1\" content=\"Est. reading time\" \/>\n\t<meta name=\"twitter:data1\" content=\"2 minutes\" \/>\n<script type=\"application\/ld+json\" class=\"yoast-schema-graph\">{\"@context\":\"https:\\\/\\\/schema.org\",\"@graph\":[{\"@type\":\"WebPage\",\"@id\":\"https:\\\/\\\/dresdner-pappe.de\\\/weihnachtsbaum-mit-silberschmuck-weisse-welle\",\"url\":\"https:\\\/\\\/dresdner-pappe.de\\\/weihnachtsbaum-mit-silberschmuck-weisse-welle\",\"name\":\"Weihnachtsbaum mit Silberschmuck \u2013 \u201awei\u00dfe Welle\u2018 -\",\"isPartOf\":{\"@id\":\"https:\\\/\\\/dresdner-pappe.de\\\/#website\"},\"datePublished\":\"2022-10-28T11:56:38+00:00\",\"dateModified\":\"2022-11-10T19:28:23+00:00\",\"breadcrumb\":{\"@id\":\"https:\\\/\\\/dresdner-pappe.de\\\/weihnachtsbaum-mit-silberschmuck-weisse-welle#breadcrumb\"},\"inLanguage\":\"en-US\",\"potentialAction\":[{\"@type\":\"ReadAction\",\"target\":[\"https:\\\/\\\/dresdner-pappe.de\\\/weihnachtsbaum-mit-silberschmuck-weisse-welle\"]}]},{\"@type\":\"BreadcrumbList\",\"@id\":\"https:\\\/\\\/dresdner-pappe.de\\\/weihnachtsbaum-mit-silberschmuck-weisse-welle#breadcrumb\",\"itemListElement\":[{\"@type\":\"ListItem\",\"position\":1,\"name\":\"Startseite\",\"item\":\"https:\\\/\\\/dresdner-pappe.de\\\/\"},{\"@type\":\"ListItem\",\"position\":2,\"name\":\"Weihnachtsbaum mit Silberschmuck \u2013 \u201awei\u00dfe Welle\u2018\"}]},{\"@type\":\"WebSite\",\"@id\":\"https:\\\/\\\/dresdner-pappe.de\\\/#website\",\"url\":\"https:\\\/\\\/dresdner-pappe.de\\\/\",\"name\":\"\",\"description\":\"\",\"potentialAction\":[{\"@type\":\"SearchAction\",\"target\":{\"@type\":\"EntryPoint\",\"urlTemplate\":\"https:\\\/\\\/dresdner-pappe.de\\\/?s={search_term_string}\"},\"query-input\":{\"@type\":\"PropertyValueSpecification\",\"valueRequired\":true,\"valueName\":\"search_term_string\"}}],\"inLanguage\":\"en-US\"}]}<\/script>\n<!-- \/ Yoast SEO plugin. -->","yoast_head_json":{"title":"Weihnachtsbaum mit Silberschmuck \u2013 \u201awei\u00dfe Welle\u2018 -","robots":{"index":"index","follow":"follow","max-snippet":"max-snippet:-1","max-image-preview":"max-image-preview:large","max-video-preview":"max-video-preview:-1"},"canonical":"https:\/\/dresdner-pappe.de\/en\/weihnachtsbaum-mit-silberschmuck-weisse-welle\/","og_locale":"en_US","og_type":"article","og_title":"Weihnachtsbaum mit Silberschmuck \u2013 \u201awei\u00dfe Welle\u2018 -","og_description":"Weihnachtsbaum mit Silberschmuck \u2013 \u201awei\u00dfe Welle\u2018 Einen ausschlie\u00dflich mit silbernem Glasschmuck dekorierten Weihnachtsbaum kam unter dem Begriff \u201awei\u00dfe Welle\u2018 im Zeitalter des Jugendstils in Mode. Es sollte eine Reaktion auf die \u00fcberladenen, mit bunten Kugeln geschm\u00fcckten Weihnachtsb\u00e4ume der Gr\u00fcnderzeit sein. Die Glasbl\u00e4ser in Lauscha produzierten und boten daf\u00fcr erstmals nur verspiegelten, unbemalten Glasschmuck an. Es wurden die sogenannten Reflex-Kugeln (Christbaumkugeln, die auf einer Seite mit einem Stempel nach innen gedr\u00fcckt waren) sehr beliebt. Am Baum hingen nun silberne Kugeln, Formen, Figuren, Bl\u00fcten, Eiszapfen, Schnee-Imitationen sowie wei\u00dfe Kerzen und silberne V\u00f6gel. Engel bekamen Fl\u00fcgel aus glatter wei\u00dfer Glasseide. Eine fr\u00fche Quelle f\u00fcr diese Christbaumschmuck-Mode findet man 1893 in der Zeitschrift F\u00fcrs Haus. Praktisches Wochenblatt f\u00fcr alle Hausfrauen. Dort hei\u00dft es: \u201eEinen eigenartigen ganz mit Silber geschm\u00fcckten Christbaum sah ich letztes Jahr. Von einem Aste zum anderen waren reiche Ketten aus Silberpapier geschlungen. An der Spitze jedes Astes war eine wei\u00dfe Rose befestigt und nach dem Stamme zu hingen viele Silberkugeln. An Silber-Lametta war auch nicht gespart, und so bot der Baum in seinem reichen Silberkleide einen entz\u00fcckenden Anblick. Nat\u00fcrlich pa\u00dft er, so geputzt, nur f\u00fcr Erwachsene. Bei Kindern hei\u00dft es: Je bunter desto sch\u00f6ner!\u201c[i] [i] Heimchen zu Hof: Silberner Christbaum, in: F\u00fcrs Haus. Praktisches Wochenblatt f\u00fcr alle Hausfrauen, 12. Jg. (1893\/94), Nr. 11 (10 Dezember 1893), S. 92.","og_url":"https:\/\/dresdner-pappe.de\/en\/weihnachtsbaum-mit-silberschmuck-weisse-welle\/","article_modified_time":"2022-11-10T19:28:23+00:00","twitter_card":"summary_large_image","twitter_misc":{"Est. reading time":"2 minutes"},"schema":{"@context":"https:\/\/schema.org","@graph":[{"@type":"WebPage","@id":"https:\/\/dresdner-pappe.de\/weihnachtsbaum-mit-silberschmuck-weisse-welle","url":"https:\/\/dresdner-pappe.de\/weihnachtsbaum-mit-silberschmuck-weisse-welle","name":"Weihnachtsbaum mit Silberschmuck \u2013 \u201awei\u00dfe Welle\u2018 -","isPartOf":{"@id":"https:\/\/dresdner-pappe.de\/#website"},"datePublished":"2022-10-28T11:56:38+00:00","dateModified":"2022-11-10T19:28:23+00:00","breadcrumb":{"@id":"https:\/\/dresdner-pappe.de\/weihnachtsbaum-mit-silberschmuck-weisse-welle#breadcrumb"},"inLanguage":"en-US","potentialAction":[{"@type":"ReadAction","target":["https:\/\/dresdner-pappe.de\/weihnachtsbaum-mit-silberschmuck-weisse-welle"]}]},{"@type":"BreadcrumbList","@id":"https:\/\/dresdner-pappe.de\/weihnachtsbaum-mit-silberschmuck-weisse-welle#breadcrumb","itemListElement":[{"@type":"ListItem","position":1,"name":"Startseite","item":"https:\/\/dresdner-pappe.de\/"},{"@type":"ListItem","position":2,"name":"Weihnachtsbaum mit Silberschmuck \u2013 \u201awei\u00dfe Welle\u2018"}]},{"@type":"WebSite","@id":"https:\/\/dresdner-pappe.de\/#website","url":"https:\/\/dresdner-pappe.de\/","name":"","description":"","potentialAction":[{"@type":"SearchAction","target":{"@type":"EntryPoint","urlTemplate":"https:\/\/dresdner-pappe.de\/?s={search_term_string}"},"query-input":{"@type":"PropertyValueSpecification","valueRequired":true,"valueName":"search_term_string"}}],"inLanguage":"en-US"}]}},"jetpack_sharing_enabled":true,"_links":{"self":[{"href":"https:\/\/dresdner-pappe.de\/en\/wp-json\/wp\/v2\/pages\/1639","targetHints":{"allow":["GET"]}}],"collection":[{"href":"https:\/\/dresdner-pappe.de\/en\/wp-json\/wp\/v2\/pages"}],"about":[{"href":"https:\/\/dresdner-pappe.de\/en\/wp-json\/wp\/v2\/types\/page"}],"author":[{"embeddable":true,"href":"https:\/\/dresdner-pappe.de\/en\/wp-json\/wp\/v2\/users\/1"}],"replies":[{"embeddable":true,"href":"https:\/\/dresdner-pappe.de\/en\/wp-json\/wp\/v2\/comments?post=1639"}],"version-history":[{"count":8,"href":"https:\/\/dresdner-pappe.de\/en\/wp-json\/wp\/v2\/pages\/1639\/revisions"}],"predecessor-version":[{"id":2612,"href":"https:\/\/dresdner-pappe.de\/en\/wp-json\/wp\/v2\/pages\/1639\/revisions\/2612"}],"wp:attachment":[{"href":"https:\/\/dresdner-pappe.de\/en\/wp-json\/wp\/v2\/media?parent=1639"}],"curies":[{"name":"wp","href":"https:\/\/api.w.org\/{rel}","templated":true}]}}